{"id":155,"date":"2020-03-16T09:00:48","date_gmt":"2020-03-16T09:00:48","guid":{"rendered":"https:\/\/startersites.io\/blocksy\/modern-shop\/?post_type=product&#038;p=155"},"modified":"2025-11-16T19:19:24","modified_gmt":"2025-11-16T19:19:24","slug":"libero-faucibus-nistincidunt","status":"publish","type":"product","link":"https:\/\/nossaconfeitaria.com\/?product=libero-faucibus-nistincidunt","title":{"rendered":"Bolo de Laranja"},"content":{"rendered":"<p>Nosso Bolo de Laranja \u00e9 uma celebra\u00e7\u00e3o do sabor c\u00edtrico brasileiro em sua forma mais deliciosa. Preparado com laranjas frescas, utilizando tanto o suco quanto as raspas da casca para extrair o m\u00e1ximo de aroma e sabor natural. A massa \u00e9 incrivelmente \u00famida, macia e aerada, com aquele gostinho refrescante e levemente adocicado que s\u00f3 a laranja proporciona. Finalizado com uma cobertura de glac\u00ea de laranja brilhante ou calda c\u00edtrica que intensifica ainda mais o sabor da fruta. Cada fatia \u00e9 uma explos\u00e3o de frescor que derrete na boca, perfeita para acompanhar um caf\u00e9, ch\u00e1 da tarde ou como sobremesa leve ap\u00f3s as refei\u00e7\u00f5es. Uma op\u00e7\u00e3o sofisticada e reconfortante que agrada todos os paladares<\/p>\n","protected":false},"excerpt":{"rendered":"<p>Massa fofinha e \u00famida com laranja fresca e cobertura c\u00edtrica brilhante. Frescor e sabor em cada peda\u00e7o<\/p>\n","protected":false},"featured_media":577,"comment_status":"open","ping_status":"closed","template":"","meta":[],"product_brand":[],"product_cat":[22],"product_tag":[],"class_list":{"0":"post-155","1":"product","2":"type-product","3":"status-publish","4":"has-post-thumbnail","6":"product_cat-especial-de-natal","8":"first","9":"instock","10":"shipping-taxable","11":"purchasable","12":"product-type-simple"},"yoast_head":"<!-- This site is optimized with the Yoast SEO plugin v27.4 - https:\/\/yoast.com\/product\/yoast-seo-wordpress\/ -->\n<title>Bolo de Laranja - nossaconfeitaria.com<\/title>\n<meta name=\"robots\" content=\"index, follow, max-snippet:-1, max-image-preview:large, max-video-preview:-1\" \/>\n<link rel=\"canonical\" href=\"https:\/\/nossaconfeitaria.com\/?product=libero-faucibus-nistincidunt\" \/>\n<meta property=\"og:locale\" content=\"pt_BR\" \/>\n<meta property=\"og:type\" content=\"article\" \/>\n<meta property=\"og:title\" content=\"Bolo de Laranja - nossaconfeitaria.com\" \/>\n<meta property=\"og:description\" content=\"Massa fofinha e \u00famida com laranja fresca e cobertura c\u00edtrica brilhante. Frescor e sabor em cada peda\u00e7o\" \/>\n<meta property=\"og:url\" content=\"https:\/\/nossaconfeitaria.com\/?product=libero-faucibus-nistincidunt\" \/>\n<meta property=\"og:site_name\" content=\"nossaconfeitaria.com\" \/>\n<meta property=\"article:modified_time\" content=\"2025-11-16T19:19:24+00:00\" \/>\n<meta property=\"og:image\" content=\"https:\/\/nossaconfeitaria.com\/wp-content\/uploads\/2025\/11\/photo_4943089487902870323_y-1.jpg\" \/>\n\t<meta property=\"og:image:width\" content=\"1082\" \/>\n\t<meta property=\"og:image:height\" content=\"1280\" \/>\n\t<meta property=\"og:image:type\" content=\"image\/jpeg\" \/>\n<meta name=\"twitter:card\" content=\"summary_large_image\" \/>\n<meta name=\"twitter:label1\" content=\"Est. tempo de leitura\" \/>\n\t<meta name=\"twitter:data1\" content=\"1 minuto\" \/>\n<script type=\"application\/ld+json\" class=\"yoast-schema-graph\">{\"@context\":\"https:\\\/\\\/schema.org\",\"@graph\":[{\"@type\":\"WebPage\",\"@id\":\"https:\\\/\\\/nossaconfeitaria.com\\\/?product=libero-faucibus-nistincidunt\",\"url\":\"https:\\\/\\\/nossaconfeitaria.com\\\/?product=libero-faucibus-nistincidunt\",\"name\":\"Bolo de Laranja - nossaconfeitaria.com\",\"isPartOf\":{\"@id\":\"https:\\\/\\\/nossaconfeitaria.com\\\/#website\"},\"primaryImageOfPage\":{\"@id\":\"https:\\\/\\\/nossaconfeitaria.com\\\/?product=libero-faucibus-nistincidunt#primaryimage\"},\"image\":{\"@id\":\"https:\\\/\\\/nossaconfeitaria.com\\\/?product=libero-faucibus-nistincidunt#primaryimage\"},\"thumbnailUrl\":\"https:\\\/\\\/nossaconfeitaria.com\\\/wp-content\\\/uploads\\\/2025\\\/11\\\/photo_4943089487902870323_y-1.jpg\",\"datePublished\":\"2020-03-16T09:00:48+00:00\",\"dateModified\":\"2025-11-16T19:19:24+00:00\",\"breadcrumb\":{\"@id\":\"https:\\\/\\\/nossaconfeitaria.com\\\/?product=libero-faucibus-nistincidunt#breadcrumb\"},\"inLanguage\":\"pt-BR\",\"potentialAction\":[{\"@type\":\"ReadAction\",\"target\":[\"https:\\\/\\\/nossaconfeitaria.com\\\/?product=libero-faucibus-nistincidunt\"]}]},{\"@type\":\"ImageObject\",\"inLanguage\":\"pt-BR\",\"@id\":\"https:\\\/\\\/nossaconfeitaria.com\\\/?product=libero-faucibus-nistincidunt#primaryimage\",\"url\":\"https:\\\/\\\/nossaconfeitaria.com\\\/wp-content\\\/uploads\\\/2025\\\/11\\\/photo_4943089487902870323_y-1.jpg\",\"contentUrl\":\"https:\\\/\\\/nossaconfeitaria.com\\\/wp-content\\\/uploads\\\/2025\\\/11\\\/photo_4943089487902870323_y-1.jpg\",\"width\":1082,\"height\":1280},{\"@type\":\"BreadcrumbList\",\"@id\":\"https:\\\/\\\/nossaconfeitaria.com\\\/?product=libero-faucibus-nistincidunt#breadcrumb\",\"itemListElement\":[{\"@type\":\"ListItem\",\"position\":1,\"name\":\"Home\",\"item\":\"https:\\\/\\\/nossaconfeitaria.com\\\/\"},{\"@type\":\"ListItem\",\"position\":2,\"name\":\"Nossa Confeitaria\",\"item\":\"https:\\\/\\\/nossaconfeitaria.com\\\/?page_id=17\"},{\"@type\":\"ListItem\",\"position\":3,\"name\":\"Bolo de Laranja\"}]},{\"@type\":\"WebSite\",\"@id\":\"https:\\\/\\\/nossaconfeitaria.com\\\/#website\",\"url\":\"https:\\\/\\\/nossaconfeitaria.com\\\/\",\"name\":\"nossaconfeitaria.com\",\"description\":\"\",\"publisher\":{\"@id\":\"https:\\\/\\\/nossaconfeitaria.com\\\/#organization\"},\"potentialAction\":[{\"@type\":\"SearchAction\",\"target\":{\"@type\":\"EntryPoint\",\"urlTemplate\":\"https:\\\/\\\/nossaconfeitaria.com\\\/?s={search_term_string}\"},\"query-input\":{\"@type\":\"PropertyValueSpecification\",\"valueRequired\":true,\"valueName\":\"search_term_string\"}}],\"inLanguage\":\"pt-BR\"},{\"@type\":\"Organization\",\"@id\":\"https:\\\/\\\/nossaconfeitaria.com\\\/#organization\",\"name\":\"nossaconfeitaria.com\",\"url\":\"https:\\\/\\\/nossaconfeitaria.com\\\/\",\"logo\":{\"@type\":\"ImageObject\",\"inLanguage\":\"pt-BR\",\"@id\":\"https:\\\/\\\/nossaconfeitaria.com\\\/#\\\/schema\\\/logo\\\/image\\\/\",\"url\":\"https:\\\/\\\/nossaconfeitaria.com\\\/wp-content\\\/uploads\\\/2025\\\/11\\\/photo_4958672432411642652_x.jpg\",\"contentUrl\":\"https:\\\/\\\/nossaconfeitaria.com\\\/wp-content\\\/uploads\\\/2025\\\/11\\\/photo_4958672432411642652_x.jpg\",\"width\":500,\"height\":500,\"caption\":\"nossaconfeitaria.com\"},\"image\":{\"@id\":\"https:\\\/\\\/nossaconfeitaria.com\\\/#\\\/schema\\\/logo\\\/image\\\/\"}}]}<\/script>\n<!-- \/ Yoast SEO plugin. -->","yoast_head_json":{"title":"Bolo de Laranja - nossaconfeitaria.com","robots":{"index":"index","follow":"follow","max-snippet":"max-snippet:-1","max-image-preview":"max-image-preview:large","max-video-preview":"max-video-preview:-1"},"canonical":"https:\/\/nossaconfeitaria.com\/?product=libero-faucibus-nistincidunt","og_locale":"pt_BR","og_type":"article","og_title":"Bolo de Laranja - nossaconfeitaria.com","og_description":"Massa fofinha e \u00famida com laranja fresca e cobertura c\u00edtrica brilhante. Frescor e sabor em cada peda\u00e7o","og_url":"https:\/\/nossaconfeitaria.com\/?product=libero-faucibus-nistincidunt","og_site_name":"nossaconfeitaria.com","article_modified_time":"2025-11-16T19:19:24+00:00","og_image":[{"width":1082,"height":1280,"url":"https:\/\/nossaconfeitaria.com\/wp-content\/uploads\/2025\/11\/photo_4943089487902870323_y-1.jpg","type":"image\/jpeg"}],"twitter_card":"summary_large_image","twitter_misc":{"Est. tempo de leitura":"1 minuto"},"schema":{"@context":"https:\/\/schema.org","@graph":[{"@type":"WebPage","@id":"https:\/\/nossaconfeitaria.com\/?product=libero-faucibus-nistincidunt","url":"https:\/\/nossaconfeitaria.com\/?product=libero-faucibus-nistincidunt","name":"Bolo de Laranja - nossaconfeitaria.com","isPartOf":{"@id":"https:\/\/nossaconfeitaria.com\/#website"},"primaryImageOfPage":{"@id":"https:\/\/nossaconfeitaria.com\/?product=libero-faucibus-nistincidunt#primaryimage"},"image":{"@id":"https:\/\/nossaconfeitaria.com\/?product=libero-faucibus-nistincidunt#primaryimage"},"thumbnailUrl":"https:\/\/nossaconfeitaria.com\/wp-content\/uploads\/2025\/11\/photo_4943089487902870323_y-1.jpg","datePublished":"2020-03-16T09:00:48+00:00","dateModified":"2025-11-16T19:19:24+00:00","breadcrumb":{"@id":"https:\/\/nossaconfeitaria.com\/?product=libero-faucibus-nistincidunt#breadcrumb"},"inLanguage":"pt-BR","potentialAction":[{"@type":"ReadAction","target":["https:\/\/nossaconfeitaria.com\/?product=libero-faucibus-nistincidunt"]}]},{"@type":"ImageObject","inLanguage":"pt-BR","@id":"https:\/\/nossaconfeitaria.com\/?product=libero-faucibus-nistincidunt#primaryimage","url":"https:\/\/nossaconfeitaria.com\/wp-content\/uploads\/2025\/11\/photo_4943089487902870323_y-1.jpg","contentUrl":"https:\/\/nossaconfeitaria.com\/wp-content\/uploads\/2025\/11\/photo_4943089487902870323_y-1.jpg","width":1082,"height":1280},{"@type":"BreadcrumbList","@id":"https:\/\/nossaconfeitaria.com\/?product=libero-faucibus-nistincidunt#breadcrumb","itemListElement":[{"@type":"ListItem","position":1,"name":"Home","item":"https:\/\/nossaconfeitaria.com\/"},{"@type":"ListItem","position":2,"name":"Nossa Confeitaria","item":"https:\/\/nossaconfeitaria.com\/?page_id=17"},{"@type":"ListItem","position":3,"name":"Bolo de Laranja"}]},{"@type":"WebSite","@id":"https:\/\/nossaconfeitaria.com\/#website","url":"https:\/\/nossaconfeitaria.com\/","name":"nossaconfeitaria.com","description":"","publisher":{"@id":"https:\/\/nossaconfeitaria.com\/#organization"},"potentialAction":[{"@type":"SearchAction","target":{"@type":"EntryPoint","urlTemplate":"https:\/\/nossaconfeitaria.com\/?s={search_term_string}"},"query-input":{"@type":"PropertyValueSpecification","valueRequired":true,"valueName":"search_term_string"}}],"inLanguage":"pt-BR"},{"@type":"Organization","@id":"https:\/\/nossaconfeitaria.com\/#organization","name":"nossaconfeitaria.com","url":"https:\/\/nossaconfeitaria.com\/","logo":{"@type":"ImageObject","inLanguage":"pt-BR","@id":"https:\/\/nossaconfeitaria.com\/#\/schema\/logo\/image\/","url":"https:\/\/nossaconfeitaria.com\/wp-content\/uploads\/2025\/11\/photo_4958672432411642652_x.jpg","contentUrl":"https:\/\/nossaconfeitaria.com\/wp-content\/uploads\/2025\/11\/photo_4958672432411642652_x.jpg","width":500,"height":500,"caption":"nossaconfeitaria.com"},"image":{"@id":"https:\/\/nossaconfeitaria.com\/#\/schema\/logo\/image\/"}}]}},"_links":{"self":[{"href":"https:\/\/nossaconfeitaria.com\/index.php?rest_route=\/wp\/v2\/product\/155","targetHints":{"allow":["GET"]}}],"collection":[{"href":"https:\/\/nossaconfeitaria.com\/index.php?rest_route=\/wp\/v2\/product"}],"about":[{"href":"https:\/\/nossaconfeitaria.com\/index.php?rest_route=\/wp\/v2\/types\/product"}],"replies":[{"embeddable":true,"href":"https:\/\/nossaconfeitaria.com\/index.php?rest_route=%2Fwp%2Fv2%2Fcomments&post=155"}],"wp:featuredmedia":[{"embeddable":true,"href":"https:\/\/nossaconfeitaria.com\/index.php?rest_route=\/wp\/v2\/media\/577"}],"wp:attachment":[{"href":"https:\/\/nossaconfeitaria.com\/index.php?rest_route=%2Fwp%2Fv2%2Fmedia&parent=155"}],"wp:term":[{"taxonomy":"product_brand","embeddable":true,"href":"https:\/\/nossaconfeitaria.com\/index.php?rest_route=%2Fwp%2Fv2%2Fproduct_brand&post=155"},{"taxonomy":"product_cat","embeddable":true,"href":"https:\/\/nossaconfeitaria.com\/index.php?rest_route=%2Fwp%2Fv2%2Fproduct_cat&post=155"},{"taxonomy":"product_tag","embeddable":true,"href":"https:\/\/nossaconfeitaria.com\/index.php?rest_route=%2Fwp%2Fv2%2Fproduct_tag&post=155"}],"curies":[{"name":"wp","href":"https:\/\/api.w.org\/{rel}","templated":true}]}}