{"id":159,"date":"2020-03-16T09:03:45","date_gmt":"2020-03-16T09:03:45","guid":{"rendered":"https:\/\/startersites.io\/blocksy\/modern-shop\/?post_type=product&#038;p=159"},"modified":"2025-11-16T19:13:16","modified_gmt":"2025-11-16T19:13:16","slug":"vestibulum-sedarcu-nonodio-euismod","status":"publish","type":"product","link":"https:\/\/nossaconfeitaria.com\/?product=vestibulum-sedarcu-nonodio-euismod","title":{"rendered":"Bolo de Chocolate"},"content":{"rendered":"<p>Nosso Bolo de Chocolate \u00e9 a defini\u00e7\u00e3o de indulg\u00eancia em forma de sobremesa. Preparado com cacau em p\u00f3 premium e chocolate nobre, resultando em uma massa incrivelmente \u00famida, macia e com sabor intenso de chocolate de verdade. A textura fofinha e aerada contrasta perfeitamente com a cobertura generosa de ganache sedosa, feita com chocolate belga que derrete na boca. Cada fatia \u00e9 uma experi\u00eancia rica e aveludada que satisfaz at\u00e9 os choc\u00f3latras mais exigentes. Perfeito para celebra\u00e7\u00f5es, sobremesas especiais ou simplesmente para aqueles momentos em que s\u00f3 um bolo de chocolate de verdade pode satisfazer. Uma cria\u00e7\u00e3o que equilibra do\u00e7ura e intensidade de forma magistral.<\/p>\n","protected":false},"excerpt":{"rendered":"<p>Massa \u00famida e fofinha com chocolate nobre, coberta com ganache sedosa. Pura indulg\u00eancia para os amantes de chocolate<\/p>\n","protected":false},"featured_media":623,"comment_status":"open","ping_status":"closed","template":"","meta":[],"product_brand":[],"product_cat":[22],"product_tag":[],"class_list":{"0":"post-159","1":"product","2":"type-product","3":"status-publish","4":"has-post-thumbnail","6":"product_cat-especial-de-natal","8":"first","9":"instock","10":"shipping-taxable","11":"purchasable","12":"product-type-simple"},"yoast_head":"<!-- This site is optimized with the Yoast SEO plugin v27.4 - https:\/\/yoast.com\/product\/yoast-seo-wordpress\/ -->\n<title>Bolo de Chocolate - nossaconfeitaria.com<\/title>\n<meta name=\"robots\" content=\"index, follow, max-snippet:-1, max-image-preview:large, max-video-preview:-1\" \/>\n<link rel=\"canonical\" href=\"https:\/\/nossaconfeitaria.com\/?product=vestibulum-sedarcu-nonodio-euismod\" \/>\n<meta property=\"og:locale\" content=\"pt_BR\" \/>\n<meta property=\"og:type\" content=\"article\" \/>\n<meta property=\"og:title\" content=\"Bolo de Chocolate - nossaconfeitaria.com\" \/>\n<meta property=\"og:description\" content=\"Massa \u00famida e fofinha com chocolate nobre, coberta com ganache sedosa. Pura indulg\u00eancia para os amantes de chocolate\" \/>\n<meta property=\"og:url\" content=\"https:\/\/nossaconfeitaria.com\/?product=vestibulum-sedarcu-nonodio-euismod\" \/>\n<meta property=\"og:site_name\" content=\"nossaconfeitaria.com\" \/>\n<meta property=\"article:modified_time\" content=\"2025-11-16T19:13:16+00:00\" \/>\n<meta property=\"og:image\" content=\"https:\/\/nossaconfeitaria.com\/wp-content\/uploads\/2020\/03\/photo_4943089487902870317_y-5.jpg\" \/>\n\t<meta property=\"og:image:width\" content=\"960\" \/>\n\t<meta property=\"og:image:height\" content=\"1200\" \/>\n\t<meta property=\"og:image:type\" content=\"image\/jpeg\" \/>\n<meta name=\"twitter:card\" content=\"summary_large_image\" \/>\n<meta name=\"twitter:label1\" content=\"Est. tempo de leitura\" \/>\n\t<meta name=\"twitter:data1\" content=\"1 minuto\" \/>\n<script type=\"application\/ld+json\" class=\"yoast-schema-graph\">{\"@context\":\"https:\\\/\\\/schema.org\",\"@graph\":[{\"@type\":\"WebPage\",\"@id\":\"https:\\\/\\\/nossaconfeitaria.com\\\/?product=vestibulum-sedarcu-nonodio-euismod\",\"url\":\"https:\\\/\\\/nossaconfeitaria.com\\\/?product=vestibulum-sedarcu-nonodio-euismod\",\"name\":\"Bolo de Chocolate - nossaconfeitaria.com\",\"isPartOf\":{\"@id\":\"https:\\\/\\\/nossaconfeitaria.com\\\/#website\"},\"primaryImageOfPage\":{\"@id\":\"https:\\\/\\\/nossaconfeitaria.com\\\/?product=vestibulum-sedarcu-nonodio-euismod#primaryimage\"},\"image\":{\"@id\":\"https:\\\/\\\/nossaconfeitaria.com\\\/?product=vestibulum-sedarcu-nonodio-euismod#primaryimage\"},\"thumbnailUrl\":\"https:\\\/\\\/nossaconfeitaria.com\\\/wp-content\\\/uploads\\\/2020\\\/03\\\/photo_4943089487902870317_y-5.jpg\",\"datePublished\":\"2020-03-16T09:03:45+00:00\",\"dateModified\":\"2025-11-16T19:13:16+00:00\",\"breadcrumb\":{\"@id\":\"https:\\\/\\\/nossaconfeitaria.com\\\/?product=vestibulum-sedarcu-nonodio-euismod#breadcrumb\"},\"inLanguage\":\"pt-BR\",\"potentialAction\":[{\"@type\":\"ReadAction\",\"target\":[\"https:\\\/\\\/nossaconfeitaria.com\\\/?product=vestibulum-sedarcu-nonodio-euismod\"]}]},{\"@type\":\"ImageObject\",\"inLanguage\":\"pt-BR\",\"@id\":\"https:\\\/\\\/nossaconfeitaria.com\\\/?product=vestibulum-sedarcu-nonodio-euismod#primaryimage\",\"url\":\"https:\\\/\\\/nossaconfeitaria.com\\\/wp-content\\\/uploads\\\/2020\\\/03\\\/photo_4943089487902870317_y-5.jpg\",\"contentUrl\":\"https:\\\/\\\/nossaconfeitaria.com\\\/wp-content\\\/uploads\\\/2020\\\/03\\\/photo_4943089487902870317_y-5.jpg\",\"width\":960,\"height\":1200},{\"@type\":\"BreadcrumbList\",\"@id\":\"https:\\\/\\\/nossaconfeitaria.com\\\/?product=vestibulum-sedarcu-nonodio-euismod#breadcrumb\",\"itemListElement\":[{\"@type\":\"ListItem\",\"position\":1,\"name\":\"Home\",\"item\":\"https:\\\/\\\/nossaconfeitaria.com\\\/\"},{\"@type\":\"ListItem\",\"position\":2,\"name\":\"Nossa Confeitaria\",\"item\":\"https:\\\/\\\/nossaconfeitaria.com\\\/?page_id=17\"},{\"@type\":\"ListItem\",\"position\":3,\"name\":\"Bolo de Chocolate\"}]},{\"@type\":\"WebSite\",\"@id\":\"https:\\\/\\\/nossaconfeitaria.com\\\/#website\",\"url\":\"https:\\\/\\\/nossaconfeitaria.com\\\/\",\"name\":\"nossaconfeitaria.com\",\"description\":\"\",\"publisher\":{\"@id\":\"https:\\\/\\\/nossaconfeitaria.com\\\/#organization\"},\"potentialAction\":[{\"@type\":\"SearchAction\",\"target\":{\"@type\":\"EntryPoint\",\"urlTemplate\":\"https:\\\/\\\/nossaconfeitaria.com\\\/?s={search_term_string}\"},\"query-input\":{\"@type\":\"PropertyValueSpecification\",\"valueRequired\":true,\"valueName\":\"search_term_string\"}}],\"inLanguage\":\"pt-BR\"},{\"@type\":\"Organization\",\"@id\":\"https:\\\/\\\/nossaconfeitaria.com\\\/#organization\",\"name\":\"nossaconfeitaria.com\",\"url\":\"https:\\\/\\\/nossaconfeitaria.com\\\/\",\"logo\":{\"@type\":\"ImageObject\",\"inLanguage\":\"pt-BR\",\"@id\":\"https:\\\/\\\/nossaconfeitaria.com\\\/#\\\/schema\\\/logo\\\/image\\\/\",\"url\":\"https:\\\/\\\/nossaconfeitaria.com\\\/wp-content\\\/uploads\\\/2025\\\/11\\\/photo_4958672432411642652_x.jpg\",\"contentUrl\":\"https:\\\/\\\/nossaconfeitaria.com\\\/wp-content\\\/uploads\\\/2025\\\/11\\\/photo_4958672432411642652_x.jpg\",\"width\":500,\"height\":500,\"caption\":\"nossaconfeitaria.com\"},\"image\":{\"@id\":\"https:\\\/\\\/nossaconfeitaria.com\\\/#\\\/schema\\\/logo\\\/image\\\/\"}}]}<\/script>\n<!-- \/ Yoast SEO plugin. -->","yoast_head_json":{"title":"Bolo de Chocolate - nossaconfeitaria.com","robots":{"index":"index","follow":"follow","max-snippet":"max-snippet:-1","max-image-preview":"max-image-preview:large","max-video-preview":"max-video-preview:-1"},"canonical":"https:\/\/nossaconfeitaria.com\/?product=vestibulum-sedarcu-nonodio-euismod","og_locale":"pt_BR","og_type":"article","og_title":"Bolo de Chocolate - nossaconfeitaria.com","og_description":"Massa \u00famida e fofinha com chocolate nobre, coberta com ganache sedosa. Pura indulg\u00eancia para os amantes de chocolate","og_url":"https:\/\/nossaconfeitaria.com\/?product=vestibulum-sedarcu-nonodio-euismod","og_site_name":"nossaconfeitaria.com","article_modified_time":"2025-11-16T19:13:16+00:00","og_image":[{"width":960,"height":1200,"url":"https:\/\/nossaconfeitaria.com\/wp-content\/uploads\/2020\/03\/photo_4943089487902870317_y-5.jpg","type":"image\/jpeg"}],"twitter_card":"summary_large_image","twitter_misc":{"Est. tempo de leitura":"1 minuto"},"schema":{"@context":"https:\/\/schema.org","@graph":[{"@type":"WebPage","@id":"https:\/\/nossaconfeitaria.com\/?product=vestibulum-sedarcu-nonodio-euismod","url":"https:\/\/nossaconfeitaria.com\/?product=vestibulum-sedarcu-nonodio-euismod","name":"Bolo de Chocolate - nossaconfeitaria.com","isPartOf":{"@id":"https:\/\/nossaconfeitaria.com\/#website"},"primaryImageOfPage":{"@id":"https:\/\/nossaconfeitaria.com\/?product=vestibulum-sedarcu-nonodio-euismod#primaryimage"},"image":{"@id":"https:\/\/nossaconfeitaria.com\/?product=vestibulum-sedarcu-nonodio-euismod#primaryimage"},"thumbnailUrl":"https:\/\/nossaconfeitaria.com\/wp-content\/uploads\/2020\/03\/photo_4943089487902870317_y-5.jpg","datePublished":"2020-03-16T09:03:45+00:00","dateModified":"2025-11-16T19:13:16+00:00","breadcrumb":{"@id":"https:\/\/nossaconfeitaria.com\/?product=vestibulum-sedarcu-nonodio-euismod#breadcrumb"},"inLanguage":"pt-BR","potentialAction":[{"@type":"ReadAction","target":["https:\/\/nossaconfeitaria.com\/?product=vestibulum-sedarcu-nonodio-euismod"]}]},{"@type":"ImageObject","inLanguage":"pt-BR","@id":"https:\/\/nossaconfeitaria.com\/?product=vestibulum-sedarcu-nonodio-euismod#primaryimage","url":"https:\/\/nossaconfeitaria.com\/wp-content\/uploads\/2020\/03\/photo_4943089487902870317_y-5.jpg","contentUrl":"https:\/\/nossaconfeitaria.com\/wp-content\/uploads\/2020\/03\/photo_4943089487902870317_y-5.jpg","width":960,"height":1200},{"@type":"BreadcrumbList","@id":"https:\/\/nossaconfeitaria.com\/?product=vestibulum-sedarcu-nonodio-euismod#breadcrumb","itemListElement":[{"@type":"ListItem","position":1,"name":"Home","item":"https:\/\/nossaconfeitaria.com\/"},{"@type":"ListItem","position":2,"name":"Nossa Confeitaria","item":"https:\/\/nossaconfeitaria.com\/?page_id=17"},{"@type":"ListItem","position":3,"name":"Bolo de Chocolate"}]},{"@type":"WebSite","@id":"https:\/\/nossaconfeitaria.com\/#website","url":"https:\/\/nossaconfeitaria.com\/","name":"nossaconfeitaria.com","description":"","publisher":{"@id":"https:\/\/nossaconfeitaria.com\/#organization"},"potentialAction":[{"@type":"SearchAction","target":{"@type":"EntryPoint","urlTemplate":"https:\/\/nossaconfeitaria.com\/?s={search_term_string}"},"query-input":{"@type":"PropertyValueSpecification","valueRequired":true,"valueName":"search_term_string"}}],"inLanguage":"pt-BR"},{"@type":"Organization","@id":"https:\/\/nossaconfeitaria.com\/#organization","name":"nossaconfeitaria.com","url":"https:\/\/nossaconfeitaria.com\/","logo":{"@type":"ImageObject","inLanguage":"pt-BR","@id":"https:\/\/nossaconfeitaria.com\/#\/schema\/logo\/image\/","url":"https:\/\/nossaconfeitaria.com\/wp-content\/uploads\/2025\/11\/photo_4958672432411642652_x.jpg","contentUrl":"https:\/\/nossaconfeitaria.com\/wp-content\/uploads\/2025\/11\/photo_4958672432411642652_x.jpg","width":500,"height":500,"caption":"nossaconfeitaria.com"},"image":{"@id":"https:\/\/nossaconfeitaria.com\/#\/schema\/logo\/image\/"}}]}},"_links":{"self":[{"href":"https:\/\/nossaconfeitaria.com\/index.php?rest_route=\/wp\/v2\/product\/159","targetHints":{"allow":["GET"]}}],"collection":[{"href":"https:\/\/nossaconfeitaria.com\/index.php?rest_route=\/wp\/v2\/product"}],"about":[{"href":"https:\/\/nossaconfeitaria.com\/index.php?rest_route=\/wp\/v2\/types\/product"}],"replies":[{"embeddable":true,"href":"https:\/\/nossaconfeitaria.com\/index.php?rest_route=%2Fwp%2Fv2%2Fcomments&post=159"}],"wp:featuredmedia":[{"embeddable":true,"href":"https:\/\/nossaconfeitaria.com\/index.php?rest_route=\/wp\/v2\/media\/623"}],"wp:attachment":[{"href":"https:\/\/nossaconfeitaria.com\/index.php?rest_route=%2Fwp%2Fv2%2Fmedia&parent=159"}],"wp:term":[{"taxonomy":"product_brand","embeddable":true,"href":"https:\/\/nossaconfeitaria.com\/index.php?rest_route=%2Fwp%2Fv2%2Fproduct_brand&post=159"},{"taxonomy":"product_cat","embeddable":true,"href":"https:\/\/nossaconfeitaria.com\/index.php?rest_route=%2Fwp%2Fv2%2Fproduct_cat&post=159"},{"taxonomy":"product_tag","embeddable":true,"href":"https:\/\/nossaconfeitaria.com\/index.php?rest_route=%2Fwp%2Fv2%2Fproduct_tag&post=159"}],"curies":[{"name":"wp","href":"https:\/\/api.w.org\/{rel}","templated":true}]}}