{"id":166,"date":"2020-03-16T09:14:43","date_gmt":"2020-03-16T09:14:43","guid":{"rendered":"https:\/\/startersites.io\/blocksy\/modern-shop\/?post_type=product&#038;p=166"},"modified":"2025-11-16T18:49:47","modified_gmt":"2025-11-16T18:49:47","slug":"scelerisque-mauris-pellentesque-pulvinar","status":"publish","type":"product","link":"https:\/\/nossaconfeitaria.com\/?product=scelerisque-mauris-pellentesque-pulvinar","title":{"rendered":"Torta de Lim\u00e3o"},"content":{"rendered":"<p>Nossa Torta de Lim\u00e3o \u00e9 o equil\u00edbrio perfeito entre o doce e o c\u00edtrico refrescante. Base crocante de massa amanteigada que contrasta perfeitamente com o recheio cremoso de lim\u00e3o siciliano, preparado com ingredientes selecionados para garantir aquele sabor intenso e aut\u00eantico. Finalizada com merengue su\u00ed\u00e7o levemente ma\u00e7aricado, criando uma camada aerada e delicada que derrete na boca. Cada fatia \u00e9 uma explos\u00e3o de frescor e cremosidade que encanta do primeiro ao \u00faltimo peda\u00e7o. Perfeita para quem busca uma sobremesa sofisticada, refrescante e irresistivelmente saborosa<\/p>\n","protected":false},"excerpt":{"rendered":"<p>Base crocante, recheio cremoso de lim\u00e3o siciliano e merengue suave. Frescor e sabor em cada fatia!<\/p>\n","protected":false},"featured_media":613,"comment_status":"open","ping_status":"closed","template":"","meta":[],"product_brand":[],"product_cat":[22],"product_tag":[],"class_list":{"0":"post-166","1":"product","2":"type-product","3":"status-publish","4":"has-post-thumbnail","6":"product_cat-especial-de-natal","8":"first","9":"instock","10":"sale","11":"shipping-taxable","12":"purchasable","13":"product-type-simple"},"yoast_head":"<!-- This site is optimized with the Yoast SEO plugin v27.4 - https:\/\/yoast.com\/product\/yoast-seo-wordpress\/ -->\n<title>Torta de Lim\u00e3o - nossaconfeitaria.com<\/title>\n<meta name=\"robots\" content=\"index, follow, max-snippet:-1, max-image-preview:large, max-video-preview:-1\" \/>\n<link rel=\"canonical\" href=\"https:\/\/nossaconfeitaria.com\/?product=scelerisque-mauris-pellentesque-pulvinar\" \/>\n<meta property=\"og:locale\" content=\"pt_BR\" \/>\n<meta property=\"og:type\" content=\"article\" \/>\n<meta property=\"og:title\" content=\"Torta de Lim\u00e3o - nossaconfeitaria.com\" \/>\n<meta property=\"og:description\" content=\"Base crocante, recheio cremoso de lim\u00e3o siciliano e merengue suave. Frescor e sabor em cada fatia!\" \/>\n<meta property=\"og:url\" content=\"https:\/\/nossaconfeitaria.com\/?product=scelerisque-mauris-pellentesque-pulvinar\" \/>\n<meta property=\"og:site_name\" content=\"nossaconfeitaria.com\" \/>\n<meta property=\"article:modified_time\" content=\"2025-11-16T18:49:47+00:00\" \/>\n<meta property=\"og:image\" content=\"https:\/\/nossaconfeitaria.com\/wp-content\/uploads\/2020\/03\/0bc5c83f9c47650503e6fbeaa4992d0b.jpg\" \/>\n\t<meta property=\"og:image:width\" content=\"576\" \/>\n\t<meta property=\"og:image:height\" content=\"1024\" \/>\n\t<meta property=\"og:image:type\" content=\"image\/jpeg\" \/>\n<meta name=\"twitter:card\" content=\"summary_large_image\" \/>\n<script type=\"application\/ld+json\" class=\"yoast-schema-graph\">{\"@context\":\"https:\\\/\\\/schema.org\",\"@graph\":[{\"@type\":\"WebPage\",\"@id\":\"https:\\\/\\\/nossaconfeitaria.com\\\/?product=scelerisque-mauris-pellentesque-pulvinar\",\"url\":\"https:\\\/\\\/nossaconfeitaria.com\\\/?product=scelerisque-mauris-pellentesque-pulvinar\",\"name\":\"Torta de Lim\u00e3o - nossaconfeitaria.com\",\"isPartOf\":{\"@id\":\"https:\\\/\\\/nossaconfeitaria.com\\\/#website\"},\"primaryImageOfPage\":{\"@id\":\"https:\\\/\\\/nossaconfeitaria.com\\\/?product=scelerisque-mauris-pellentesque-pulvinar#primaryimage\"},\"image\":{\"@id\":\"https:\\\/\\\/nossaconfeitaria.com\\\/?product=scelerisque-mauris-pellentesque-pulvinar#primaryimage\"},\"thumbnailUrl\":\"https:\\\/\\\/nossaconfeitaria.com\\\/wp-content\\\/uploads\\\/2020\\\/03\\\/0bc5c83f9c47650503e6fbeaa4992d0b.jpg\",\"datePublished\":\"2020-03-16T09:14:43+00:00\",\"dateModified\":\"2025-11-16T18:49:47+00:00\",\"breadcrumb\":{\"@id\":\"https:\\\/\\\/nossaconfeitaria.com\\\/?product=scelerisque-mauris-pellentesque-pulvinar#breadcrumb\"},\"inLanguage\":\"pt-BR\",\"potentialAction\":[{\"@type\":\"ReadAction\",\"target\":[\"https:\\\/\\\/nossaconfeitaria.com\\\/?product=scelerisque-mauris-pellentesque-pulvinar\"]}]},{\"@type\":\"ImageObject\",\"inLanguage\":\"pt-BR\",\"@id\":\"https:\\\/\\\/nossaconfeitaria.com\\\/?product=scelerisque-mauris-pellentesque-pulvinar#primaryimage\",\"url\":\"https:\\\/\\\/nossaconfeitaria.com\\\/wp-content\\\/uploads\\\/2020\\\/03\\\/0bc5c83f9c47650503e6fbeaa4992d0b.jpg\",\"contentUrl\":\"https:\\\/\\\/nossaconfeitaria.com\\\/wp-content\\\/uploads\\\/2020\\\/03\\\/0bc5c83f9c47650503e6fbeaa4992d0b.jpg\",\"width\":576,\"height\":1024},{\"@type\":\"BreadcrumbList\",\"@id\":\"https:\\\/\\\/nossaconfeitaria.com\\\/?product=scelerisque-mauris-pellentesque-pulvinar#breadcrumb\",\"itemListElement\":[{\"@type\":\"ListItem\",\"position\":1,\"name\":\"Home\",\"item\":\"https:\\\/\\\/nossaconfeitaria.com\\\/\"},{\"@type\":\"ListItem\",\"position\":2,\"name\":\"Nossa Confeitaria\",\"item\":\"https:\\\/\\\/nossaconfeitaria.com\\\/?page_id=17\"},{\"@type\":\"ListItem\",\"position\":3,\"name\":\"Torta de Lim\u00e3o\"}]},{\"@type\":\"WebSite\",\"@id\":\"https:\\\/\\\/nossaconfeitaria.com\\\/#website\",\"url\":\"https:\\\/\\\/nossaconfeitaria.com\\\/\",\"name\":\"nossaconfeitaria.com\",\"description\":\"\",\"publisher\":{\"@id\":\"https:\\\/\\\/nossaconfeitaria.com\\\/#organization\"},\"potentialAction\":[{\"@type\":\"SearchAction\",\"target\":{\"@type\":\"EntryPoint\",\"urlTemplate\":\"https:\\\/\\\/nossaconfeitaria.com\\\/?s={search_term_string}\"},\"query-input\":{\"@type\":\"PropertyValueSpecification\",\"valueRequired\":true,\"valueName\":\"search_term_string\"}}],\"inLanguage\":\"pt-BR\"},{\"@type\":\"Organization\",\"@id\":\"https:\\\/\\\/nossaconfeitaria.com\\\/#organization\",\"name\":\"nossaconfeitaria.com\",\"url\":\"https:\\\/\\\/nossaconfeitaria.com\\\/\",\"logo\":{\"@type\":\"ImageObject\",\"inLanguage\":\"pt-BR\",\"@id\":\"https:\\\/\\\/nossaconfeitaria.com\\\/#\\\/schema\\\/logo\\\/image\\\/\",\"url\":\"https:\\\/\\\/nossaconfeitaria.com\\\/wp-content\\\/uploads\\\/2025\\\/11\\\/photo_4958672432411642652_x.jpg\",\"contentUrl\":\"https:\\\/\\\/nossaconfeitaria.com\\\/wp-content\\\/uploads\\\/2025\\\/11\\\/photo_4958672432411642652_x.jpg\",\"width\":500,\"height\":500,\"caption\":\"nossaconfeitaria.com\"},\"image\":{\"@id\":\"https:\\\/\\\/nossaconfeitaria.com\\\/#\\\/schema\\\/logo\\\/image\\\/\"}}]}<\/script>\n<!-- \/ Yoast SEO plugin. -->","yoast_head_json":{"title":"Torta de Lim\u00e3o - nossaconfeitaria.com","robots":{"index":"index","follow":"follow","max-snippet":"max-snippet:-1","max-image-preview":"max-image-preview:large","max-video-preview":"max-video-preview:-1"},"canonical":"https:\/\/nossaconfeitaria.com\/?product=scelerisque-mauris-pellentesque-pulvinar","og_locale":"pt_BR","og_type":"article","og_title":"Torta de Lim\u00e3o - nossaconfeitaria.com","og_description":"Base crocante, recheio cremoso de lim\u00e3o siciliano e merengue suave. Frescor e sabor em cada fatia!","og_url":"https:\/\/nossaconfeitaria.com\/?product=scelerisque-mauris-pellentesque-pulvinar","og_site_name":"nossaconfeitaria.com","article_modified_time":"2025-11-16T18:49:47+00:00","og_image":[{"width":576,"height":1024,"url":"https:\/\/nossaconfeitaria.com\/wp-content\/uploads\/2020\/03\/0bc5c83f9c47650503e6fbeaa4992d0b.jpg","type":"image\/jpeg"}],"twitter_card":"summary_large_image","schema":{"@context":"https:\/\/schema.org","@graph":[{"@type":"WebPage","@id":"https:\/\/nossaconfeitaria.com\/?product=scelerisque-mauris-pellentesque-pulvinar","url":"https:\/\/nossaconfeitaria.com\/?product=scelerisque-mauris-pellentesque-pulvinar","name":"Torta de Lim\u00e3o - nossaconfeitaria.com","isPartOf":{"@id":"https:\/\/nossaconfeitaria.com\/#website"},"primaryImageOfPage":{"@id":"https:\/\/nossaconfeitaria.com\/?product=scelerisque-mauris-pellentesque-pulvinar#primaryimage"},"image":{"@id":"https:\/\/nossaconfeitaria.com\/?product=scelerisque-mauris-pellentesque-pulvinar#primaryimage"},"thumbnailUrl":"https:\/\/nossaconfeitaria.com\/wp-content\/uploads\/2020\/03\/0bc5c83f9c47650503e6fbeaa4992d0b.jpg","datePublished":"2020-03-16T09:14:43+00:00","dateModified":"2025-11-16T18:49:47+00:00","breadcrumb":{"@id":"https:\/\/nossaconfeitaria.com\/?product=scelerisque-mauris-pellentesque-pulvinar#breadcrumb"},"inLanguage":"pt-BR","potentialAction":[{"@type":"ReadAction","target":["https:\/\/nossaconfeitaria.com\/?product=scelerisque-mauris-pellentesque-pulvinar"]}]},{"@type":"ImageObject","inLanguage":"pt-BR","@id":"https:\/\/nossaconfeitaria.com\/?product=scelerisque-mauris-pellentesque-pulvinar#primaryimage","url":"https:\/\/nossaconfeitaria.com\/wp-content\/uploads\/2020\/03\/0bc5c83f9c47650503e6fbeaa4992d0b.jpg","contentUrl":"https:\/\/nossaconfeitaria.com\/wp-content\/uploads\/2020\/03\/0bc5c83f9c47650503e6fbeaa4992d0b.jpg","width":576,"height":1024},{"@type":"BreadcrumbList","@id":"https:\/\/nossaconfeitaria.com\/?product=scelerisque-mauris-pellentesque-pulvinar#breadcrumb","itemListElement":[{"@type":"ListItem","position":1,"name":"Home","item":"https:\/\/nossaconfeitaria.com\/"},{"@type":"ListItem","position":2,"name":"Nossa Confeitaria","item":"https:\/\/nossaconfeitaria.com\/?page_id=17"},{"@type":"ListItem","position":3,"name":"Torta de Lim\u00e3o"}]},{"@type":"WebSite","@id":"https:\/\/nossaconfeitaria.com\/#website","url":"https:\/\/nossaconfeitaria.com\/","name":"nossaconfeitaria.com","description":"","publisher":{"@id":"https:\/\/nossaconfeitaria.com\/#organization"},"potentialAction":[{"@type":"SearchAction","target":{"@type":"EntryPoint","urlTemplate":"https:\/\/nossaconfeitaria.com\/?s={search_term_string}"},"query-input":{"@type":"PropertyValueSpecification","valueRequired":true,"valueName":"search_term_string"}}],"inLanguage":"pt-BR"},{"@type":"Organization","@id":"https:\/\/nossaconfeitaria.com\/#organization","name":"nossaconfeitaria.com","url":"https:\/\/nossaconfeitaria.com\/","logo":{"@type":"ImageObject","inLanguage":"pt-BR","@id":"https:\/\/nossaconfeitaria.com\/#\/schema\/logo\/image\/","url":"https:\/\/nossaconfeitaria.com\/wp-content\/uploads\/2025\/11\/photo_4958672432411642652_x.jpg","contentUrl":"https:\/\/nossaconfeitaria.com\/wp-content\/uploads\/2025\/11\/photo_4958672432411642652_x.jpg","width":500,"height":500,"caption":"nossaconfeitaria.com"},"image":{"@id":"https:\/\/nossaconfeitaria.com\/#\/schema\/logo\/image\/"}}]}},"_links":{"self":[{"href":"https:\/\/nossaconfeitaria.com\/index.php?rest_route=\/wp\/v2\/product\/166","targetHints":{"allow":["GET"]}}],"collection":[{"href":"https:\/\/nossaconfeitaria.com\/index.php?rest_route=\/wp\/v2\/product"}],"about":[{"href":"https:\/\/nossaconfeitaria.com\/index.php?rest_route=\/wp\/v2\/types\/product"}],"replies":[{"embeddable":true,"href":"https:\/\/nossaconfeitaria.com\/index.php?rest_route=%2Fwp%2Fv2%2Fcomments&post=166"}],"wp:featuredmedia":[{"embeddable":true,"href":"https:\/\/nossaconfeitaria.com\/index.php?rest_route=\/wp\/v2\/media\/613"}],"wp:attachment":[{"href":"https:\/\/nossaconfeitaria.com\/index.php?rest_route=%2Fwp%2Fv2%2Fmedia&parent=166"}],"wp:term":[{"taxonomy":"product_brand","embeddable":true,"href":"https:\/\/nossaconfeitaria.com\/index.php?rest_route=%2Fwp%2Fv2%2Fproduct_brand&post=166"},{"taxonomy":"product_cat","embeddable":true,"href":"https:\/\/nossaconfeitaria.com\/index.php?rest_route=%2Fwp%2Fv2%2Fproduct_cat&post=166"},{"taxonomy":"product_tag","embeddable":true,"href":"https:\/\/nossaconfeitaria.com\/index.php?rest_route=%2Fwp%2Fv2%2Fproduct_tag&post=166"}],"curies":[{"name":"wp","href":"https:\/\/api.w.org\/{rel}","templated":true}]}}