{"id":57,"date":"2020-03-13T10:07:44","date_gmt":"2020-03-13T10:07:44","guid":{"rendered":"https:\/\/startersites.io\/blocksy\/modern-shop\/?post_type=product&#038;p=57"},"modified":"2025-11-16T19:41:31","modified_gmt":"2025-11-16T19:41:31","slug":"fringilla-phasellus-faucus-scelerisque-eleifend-donec","status":"publish","type":"product","link":"https:\/\/nossaconfeitaria.com\/?product=fringilla-phasellus-faucus-scelerisque-eleifend-donec","title":{"rendered":"Pav\u00ea de Pa\u00e7oca"},"content":{"rendered":"<p>Nosso Pav\u00ea de Pa\u00e7oca \u00e9 uma verdadeira homenagem ao sabor brasileiro que todo mundo ama. Preparado com camadas generosas de creme aveludado de pa\u00e7oca leg\u00edtima, intercaladas com biscoito champanhe no ponto perfeito de maciez. Finalizado com uma irresist\u00edvel farofa crocante de pa\u00e7oca que adiciona aquela textura especial a cada colherada. Uma sobremesa que equilibra cremosidade e croc\u00e2ncia, trazendo aquele gostinho de inf\u00e2ncia com toda a sofistica\u00e7\u00e3o que voc\u00ea merece. Perfeito para festas, eventos ou para ado\u00e7ar qualquer momento especial<\/p>\n","protected":false},"excerpt":{"rendered":"<p>Camadas cremosas de pa\u00e7oca intercaladas com biscoito macio e farofa crocante. O sabor brasileiro que conquista em cada colherada<\/p>\n","protected":false},"featured_media":582,"comment_status":"open","ping_status":"closed","template":"","meta":[],"product_brand":[],"product_cat":[22],"product_tag":[],"class_list":{"0":"post-57","1":"product","2":"type-product","3":"status-publish","4":"has-post-thumbnail","6":"product_cat-especial-de-natal","8":"first","9":"instock","10":"sale","11":"shipping-taxable","12":"purchasable","13":"product-type-simple"},"yoast_head":"<!-- This site is optimized with the Yoast SEO plugin v27.4 - https:\/\/yoast.com\/product\/yoast-seo-wordpress\/ -->\n<title>Pav\u00ea de Pa\u00e7oca - nossaconfeitaria.com %Pav\u00ea de Pa\u00e7oca para Natal Sabor Brasileiro<\/title>\n<meta name=\"description\" content=\"Pav\u00ea de pa\u00e7oca cremoso com farofa crocante! Sabor \u00fanico e brasileiro para sua ceia de Natal. Entrega no Rio de Janeiro. Encomende j\u00e1! \ud83c\udf84\ud83e\udd5c\" \/>\n<meta name=\"robots\" content=\"index, follow, max-snippet:-1, max-image-preview:large, max-video-preview:-1\" \/>\n<link rel=\"canonical\" href=\"https:\/\/nossaconfeitaria.com\/?product=fringilla-phasellus-faucus-scelerisque-eleifend-donec\" \/>\n<meta property=\"og:locale\" content=\"pt_BR\" \/>\n<meta property=\"og:type\" content=\"article\" \/>\n<meta property=\"og:title\" content=\"Pav\u00ea de Pa\u00e7oca - nossaconfeitaria.com %Pav\u00ea de Pa\u00e7oca para Natal Sabor Brasileiro\" \/>\n<meta property=\"og:description\" content=\"Pav\u00ea de pa\u00e7oca cremoso com farofa crocante! Sabor \u00fanico e brasileiro para sua ceia de Natal. Entrega no Rio de Janeiro. Encomende j\u00e1! \ud83c\udf84\ud83e\udd5c\" \/>\n<meta property=\"og:url\" content=\"https:\/\/nossaconfeitaria.com\/?product=fringilla-phasellus-faucus-scelerisque-eleifend-donec\" \/>\n<meta property=\"og:site_name\" content=\"nossaconfeitaria.com\" \/>\n<meta property=\"article:modified_time\" content=\"2025-11-16T19:41:31+00:00\" \/>\n<meta property=\"og:image\" content=\"https:\/\/nossaconfeitaria.com\/wp-content\/uploads\/2025\/11\/photo_4945039291386104619_y-2.jpg\" \/>\n\t<meta property=\"og:image:width\" content=\"1024\" \/>\n\t<meta property=\"og:image:height\" content=\"1024\" \/>\n\t<meta property=\"og:image:type\" content=\"image\/jpeg\" \/>\n<meta name=\"twitter:card\" content=\"summary_large_image\" \/>\n<meta name=\"twitter:label1\" content=\"Est. tempo de leitura\" \/>\n\t<meta name=\"twitter:data1\" content=\"1 minuto\" \/>\n<script type=\"application\/ld+json\" class=\"yoast-schema-graph\">{\"@context\":\"https:\\\/\\\/schema.org\",\"@graph\":[{\"@type\":\"WebPage\",\"@id\":\"https:\\\/\\\/nossaconfeitaria.com\\\/?product=fringilla-phasellus-faucus-scelerisque-eleifend-donec\",\"url\":\"https:\\\/\\\/nossaconfeitaria.com\\\/?product=fringilla-phasellus-faucus-scelerisque-eleifend-donec\",\"name\":\"Pav\u00ea de Pa\u00e7oca - nossaconfeitaria.com %Pav\u00ea de Pa\u00e7oca para Natal Sabor Brasileiro\",\"isPartOf\":{\"@id\":\"https:\\\/\\\/nossaconfeitaria.com\\\/#website\"},\"primaryImageOfPage\":{\"@id\":\"https:\\\/\\\/nossaconfeitaria.com\\\/?product=fringilla-phasellus-faucus-scelerisque-eleifend-donec#primaryimage\"},\"image\":{\"@id\":\"https:\\\/\\\/nossaconfeitaria.com\\\/?product=fringilla-phasellus-faucus-scelerisque-eleifend-donec#primaryimage\"},\"thumbnailUrl\":\"https:\\\/\\\/nossaconfeitaria.com\\\/wp-content\\\/uploads\\\/2025\\\/11\\\/photo_4945039291386104619_y-2.jpg\",\"datePublished\":\"2020-03-13T10:07:44+00:00\",\"dateModified\":\"2025-11-16T19:41:31+00:00\",\"description\":\"Pav\u00ea de pa\u00e7oca cremoso com farofa crocante! Sabor \u00fanico e brasileiro para sua ceia de Natal. Entrega no Rio de Janeiro. Encomende j\u00e1! \ud83c\udf84\ud83e\udd5c\",\"breadcrumb\":{\"@id\":\"https:\\\/\\\/nossaconfeitaria.com\\\/?product=fringilla-phasellus-faucus-scelerisque-eleifend-donec#breadcrumb\"},\"inLanguage\":\"pt-BR\",\"potentialAction\":[{\"@type\":\"ReadAction\",\"target\":[\"https:\\\/\\\/nossaconfeitaria.com\\\/?product=fringilla-phasellus-faucus-scelerisque-eleifend-donec\"]}]},{\"@type\":\"ImageObject\",\"inLanguage\":\"pt-BR\",\"@id\":\"https:\\\/\\\/nossaconfeitaria.com\\\/?product=fringilla-phasellus-faucus-scelerisque-eleifend-donec#primaryimage\",\"url\":\"https:\\\/\\\/nossaconfeitaria.com\\\/wp-content\\\/uploads\\\/2025\\\/11\\\/photo_4945039291386104619_y-2.jpg\",\"contentUrl\":\"https:\\\/\\\/nossaconfeitaria.com\\\/wp-content\\\/uploads\\\/2025\\\/11\\\/photo_4945039291386104619_y-2.jpg\",\"width\":1024,\"height\":1024},{\"@type\":\"BreadcrumbList\",\"@id\":\"https:\\\/\\\/nossaconfeitaria.com\\\/?product=fringilla-phasellus-faucus-scelerisque-eleifend-donec#breadcrumb\",\"itemListElement\":[{\"@type\":\"ListItem\",\"position\":1,\"name\":\"Home\",\"item\":\"https:\\\/\\\/nossaconfeitaria.com\\\/\"},{\"@type\":\"ListItem\",\"position\":2,\"name\":\"Nossa Confeitaria\",\"item\":\"https:\\\/\\\/nossaconfeitaria.com\\\/?page_id=17\"},{\"@type\":\"ListItem\",\"position\":3,\"name\":\"Pav\u00ea de Pa\u00e7oca\"}]},{\"@type\":\"WebSite\",\"@id\":\"https:\\\/\\\/nossaconfeitaria.com\\\/#website\",\"url\":\"https:\\\/\\\/nossaconfeitaria.com\\\/\",\"name\":\"nossaconfeitaria.com\",\"description\":\"\",\"publisher\":{\"@id\":\"https:\\\/\\\/nossaconfeitaria.com\\\/#organization\"},\"potentialAction\":[{\"@type\":\"SearchAction\",\"target\":{\"@type\":\"EntryPoint\",\"urlTemplate\":\"https:\\\/\\\/nossaconfeitaria.com\\\/?s={search_term_string}\"},\"query-input\":{\"@type\":\"PropertyValueSpecification\",\"valueRequired\":true,\"valueName\":\"search_term_string\"}}],\"inLanguage\":\"pt-BR\"},{\"@type\":\"Organization\",\"@id\":\"https:\\\/\\\/nossaconfeitaria.com\\\/#organization\",\"name\":\"nossaconfeitaria.com\",\"url\":\"https:\\\/\\\/nossaconfeitaria.com\\\/\",\"logo\":{\"@type\":\"ImageObject\",\"inLanguage\":\"pt-BR\",\"@id\":\"https:\\\/\\\/nossaconfeitaria.com\\\/#\\\/schema\\\/logo\\\/image\\\/\",\"url\":\"https:\\\/\\\/nossaconfeitaria.com\\\/wp-content\\\/uploads\\\/2025\\\/11\\\/photo_4958672432411642652_x.jpg\",\"contentUrl\":\"https:\\\/\\\/nossaconfeitaria.com\\\/wp-content\\\/uploads\\\/2025\\\/11\\\/photo_4958672432411642652_x.jpg\",\"width\":500,\"height\":500,\"caption\":\"nossaconfeitaria.com\"},\"image\":{\"@id\":\"https:\\\/\\\/nossaconfeitaria.com\\\/#\\\/schema\\\/logo\\\/image\\\/\"}}]}<\/script>\n<!-- \/ Yoast SEO plugin. -->","yoast_head_json":{"title":"Pav\u00ea de Pa\u00e7oca - nossaconfeitaria.com %Pav\u00ea de Pa\u00e7oca para Natal Sabor Brasileiro","description":"Pav\u00ea de pa\u00e7oca cremoso com farofa crocante! Sabor \u00fanico e brasileiro para sua ceia de Natal. Entrega no Rio de Janeiro. Encomende j\u00e1! \ud83c\udf84\ud83e\udd5c","robots":{"index":"index","follow":"follow","max-snippet":"max-snippet:-1","max-image-preview":"max-image-preview:large","max-video-preview":"max-video-preview:-1"},"canonical":"https:\/\/nossaconfeitaria.com\/?product=fringilla-phasellus-faucus-scelerisque-eleifend-donec","og_locale":"pt_BR","og_type":"article","og_title":"Pav\u00ea de Pa\u00e7oca - nossaconfeitaria.com %Pav\u00ea de Pa\u00e7oca para Natal Sabor Brasileiro","og_description":"Pav\u00ea de pa\u00e7oca cremoso com farofa crocante! Sabor \u00fanico e brasileiro para sua ceia de Natal. Entrega no Rio de Janeiro. Encomende j\u00e1! \ud83c\udf84\ud83e\udd5c","og_url":"https:\/\/nossaconfeitaria.com\/?product=fringilla-phasellus-faucus-scelerisque-eleifend-donec","og_site_name":"nossaconfeitaria.com","article_modified_time":"2025-11-16T19:41:31+00:00","og_image":[{"width":1024,"height":1024,"url":"https:\/\/nossaconfeitaria.com\/wp-content\/uploads\/2025\/11\/photo_4945039291386104619_y-2.jpg","type":"image\/jpeg"}],"twitter_card":"summary_large_image","twitter_misc":{"Est. tempo de leitura":"1 minuto"},"schema":{"@context":"https:\/\/schema.org","@graph":[{"@type":"WebPage","@id":"https:\/\/nossaconfeitaria.com\/?product=fringilla-phasellus-faucus-scelerisque-eleifend-donec","url":"https:\/\/nossaconfeitaria.com\/?product=fringilla-phasellus-faucus-scelerisque-eleifend-donec","name":"Pav\u00ea de Pa\u00e7oca - nossaconfeitaria.com %Pav\u00ea de Pa\u00e7oca para Natal Sabor Brasileiro","isPartOf":{"@id":"https:\/\/nossaconfeitaria.com\/#website"},"primaryImageOfPage":{"@id":"https:\/\/nossaconfeitaria.com\/?product=fringilla-phasellus-faucus-scelerisque-eleifend-donec#primaryimage"},"image":{"@id":"https:\/\/nossaconfeitaria.com\/?product=fringilla-phasellus-faucus-scelerisque-eleifend-donec#primaryimage"},"thumbnailUrl":"https:\/\/nossaconfeitaria.com\/wp-content\/uploads\/2025\/11\/photo_4945039291386104619_y-2.jpg","datePublished":"2020-03-13T10:07:44+00:00","dateModified":"2025-11-16T19:41:31+00:00","description":"Pav\u00ea de pa\u00e7oca cremoso com farofa crocante! Sabor \u00fanico e brasileiro para sua ceia de Natal. Entrega no Rio de Janeiro. Encomende j\u00e1! \ud83c\udf84\ud83e\udd5c","breadcrumb":{"@id":"https:\/\/nossaconfeitaria.com\/?product=fringilla-phasellus-faucus-scelerisque-eleifend-donec#breadcrumb"},"inLanguage":"pt-BR","potentialAction":[{"@type":"ReadAction","target":["https:\/\/nossaconfeitaria.com\/?product=fringilla-phasellus-faucus-scelerisque-eleifend-donec"]}]},{"@type":"ImageObject","inLanguage":"pt-BR","@id":"https:\/\/nossaconfeitaria.com\/?product=fringilla-phasellus-faucus-scelerisque-eleifend-donec#primaryimage","url":"https:\/\/nossaconfeitaria.com\/wp-content\/uploads\/2025\/11\/photo_4945039291386104619_y-2.jpg","contentUrl":"https:\/\/nossaconfeitaria.com\/wp-content\/uploads\/2025\/11\/photo_4945039291386104619_y-2.jpg","width":1024,"height":1024},{"@type":"BreadcrumbList","@id":"https:\/\/nossaconfeitaria.com\/?product=fringilla-phasellus-faucus-scelerisque-eleifend-donec#breadcrumb","itemListElement":[{"@type":"ListItem","position":1,"name":"Home","item":"https:\/\/nossaconfeitaria.com\/"},{"@type":"ListItem","position":2,"name":"Nossa Confeitaria","item":"https:\/\/nossaconfeitaria.com\/?page_id=17"},{"@type":"ListItem","position":3,"name":"Pav\u00ea de Pa\u00e7oca"}]},{"@type":"WebSite","@id":"https:\/\/nossaconfeitaria.com\/#website","url":"https:\/\/nossaconfeitaria.com\/","name":"nossaconfeitaria.com","description":"","publisher":{"@id":"https:\/\/nossaconfeitaria.com\/#organization"},"potentialAction":[{"@type":"SearchAction","target":{"@type":"EntryPoint","urlTemplate":"https:\/\/nossaconfeitaria.com\/?s={search_term_string}"},"query-input":{"@type":"PropertyValueSpecification","valueRequired":true,"valueName":"search_term_string"}}],"inLanguage":"pt-BR"},{"@type":"Organization","@id":"https:\/\/nossaconfeitaria.com\/#organization","name":"nossaconfeitaria.com","url":"https:\/\/nossaconfeitaria.com\/","logo":{"@type":"ImageObject","inLanguage":"pt-BR","@id":"https:\/\/nossaconfeitaria.com\/#\/schema\/logo\/image\/","url":"https:\/\/nossaconfeitaria.com\/wp-content\/uploads\/2025\/11\/photo_4958672432411642652_x.jpg","contentUrl":"https:\/\/nossaconfeitaria.com\/wp-content\/uploads\/2025\/11\/photo_4958672432411642652_x.jpg","width":500,"height":500,"caption":"nossaconfeitaria.com"},"image":{"@id":"https:\/\/nossaconfeitaria.com\/#\/schema\/logo\/image\/"}}]}},"_links":{"self":[{"href":"https:\/\/nossaconfeitaria.com\/index.php?rest_route=\/wp\/v2\/product\/57","targetHints":{"allow":["GET"]}}],"collection":[{"href":"https:\/\/nossaconfeitaria.com\/index.php?rest_route=\/wp\/v2\/product"}],"about":[{"href":"https:\/\/nossaconfeitaria.com\/index.php?rest_route=\/wp\/v2\/types\/product"}],"replies":[{"embeddable":true,"href":"https:\/\/nossaconfeitaria.com\/index.php?rest_route=%2Fwp%2Fv2%2Fcomments&post=57"}],"wp:featuredmedia":[{"embeddable":true,"href":"https:\/\/nossaconfeitaria.com\/index.php?rest_route=\/wp\/v2\/media\/582"}],"wp:attachment":[{"href":"https:\/\/nossaconfeitaria.com\/index.php?rest_route=%2Fwp%2Fv2%2Fmedia&parent=57"}],"wp:term":[{"taxonomy":"product_brand","embeddable":true,"href":"https:\/\/nossaconfeitaria.com\/index.php?rest_route=%2Fwp%2Fv2%2Fproduct_brand&post=57"},{"taxonomy":"product_cat","embeddable":true,"href":"https:\/\/nossaconfeitaria.com\/index.php?rest_route=%2Fwp%2Fv2%2Fproduct_cat&post=57"},{"taxonomy":"product_tag","embeddable":true,"href":"https:\/\/nossaconfeitaria.com\/index.php?rest_route=%2Fwp%2Fv2%2Fproduct_tag&post=57"}],"curies":[{"name":"wp","href":"https:\/\/api.w.org\/{rel}","templated":true}]}}