{"id":64,"date":"2020-03-13T10:16:57","date_gmt":"2020-03-13T10:16:57","guid":{"rendered":"https:\/\/startersites.io\/blocksy\/modern-shop\/?post_type=product&#038;p=64"},"modified":"2025-11-16T19:34:53","modified_gmt":"2025-11-16T19:34:53","slug":"mollis-nunc-sed-id-semper-risus-in-hendrerit","status":"publish","type":"product","link":"https:\/\/nossaconfeitaria.com\/?product=mollis-nunc-sed-id-semper-risus-in-hendrerit","title":{"rendered":"Pudim Tradicional"},"content":{"rendered":"<h3 class=\"font-claude-response-subheading text-text-100 mt-1 -mb-1.5\">Nosso Pudim Tradicional \u00e9 feito com a receita cl\u00e1ssica que conquistou gera\u00e7\u00f5es. Preparado com leite condensado de primeira qualidade, leite fresco e ovos selecionados, resultando em uma textura incrivelmente cremosa e aveludada. A calda de caramelo dourada \u00e9 feita artesanalmente, ponto a ponto, garantindo aquele sabor equilibrado entre o doce e o levemente amargo que s\u00f3 um caramelo perfeito tem. Cada fatia derrete na boca e traz aquele gostinho de sobremesa caseira feita com carinho. Ideal para finalizar refei\u00e7\u00f5es, celebra\u00e7\u00f5es ou simplesmente para ado\u00e7ar seu dia com um cl\u00e1ssico que nunca sai de moda<\/h3>\n","protected":false},"excerpt":{"rendered":"<p>O cl\u00e1ssico que nunca falha! Textura cremosa e aveludada com calda de caramelo irresist\u00edvel. Puro sabor e tradi\u00e7\u00e3o em cada fatia.<\/p>\n","protected":false},"featured_media":612,"comment_status":"open","ping_status":"closed","template":"","meta":[],"product_brand":[],"product_cat":[22],"product_tag":[],"class_list":{"0":"post-64","1":"product","2":"type-product","3":"status-publish","4":"has-post-thumbnail","6":"product_cat-especial-de-natal","8":"first","9":"instock","10":"sale","11":"shipping-taxable","12":"purchasable","13":"product-type-simple"},"yoast_head":"<!-- This site is optimized with the Yoast SEO plugin v27.4 - https:\/\/yoast.com\/product\/yoast-seo-wordpress\/ -->\n<title>Pudim Tradicional - nossaconfeitaria.com Pudim de Natal Tradicional | Confeitaria Barra<\/title>\n<meta name=\"description\" content=\"Pudim tradicional cremoso para sua ceia de Natal. Calda de caramelo irresist\u00edvel! Entrega no Rio de Janeiro. Encomende j\u00e1 - vagas limitadas! \ud83c\udf84\" \/>\n<meta name=\"robots\" content=\"index, follow, max-snippet:-1, max-image-preview:large, max-video-preview:-1\" \/>\n<link rel=\"canonical\" href=\"https:\/\/nossaconfeitaria.com\/?product=mollis-nunc-sed-id-semper-risus-in-hendrerit\" \/>\n<meta property=\"og:locale\" content=\"pt_BR\" \/>\n<meta property=\"og:type\" content=\"article\" \/>\n<meta property=\"og:title\" content=\"Pudim Tradicional - nossaconfeitaria.com Pudim de Natal Tradicional | Confeitaria Barra\" \/>\n<meta property=\"og:description\" content=\"Pudim tradicional cremoso para sua ceia de Natal. Calda de caramelo irresist\u00edvel! Entrega no Rio de Janeiro. Encomende j\u00e1 - vagas limitadas! \ud83c\udf84\" \/>\n<meta property=\"og:url\" content=\"https:\/\/nossaconfeitaria.com\/?product=mollis-nunc-sed-id-semper-risus-in-hendrerit\" \/>\n<meta property=\"og:site_name\" content=\"nossaconfeitaria.com\" \/>\n<meta property=\"article:modified_time\" content=\"2025-11-16T19:34:53+00:00\" \/>\n<meta property=\"og:image\" content=\"https:\/\/nossaconfeitaria.com\/wp-content\/uploads\/2020\/03\/cde22f87de022714c90ec943884f06bf.jpg\" \/>\n\t<meta property=\"og:image:width\" content=\"1080\" \/>\n\t<meta property=\"og:image:height\" content=\"1080\" \/>\n\t<meta property=\"og:image:type\" content=\"image\/jpeg\" \/>\n<meta name=\"twitter:card\" content=\"summary_large_image\" \/>\n<meta name=\"twitter:label1\" content=\"Est. tempo de leitura\" \/>\n\t<meta name=\"twitter:data1\" content=\"1 minuto\" \/>\n<script type=\"application\/ld+json\" class=\"yoast-schema-graph\">{\"@context\":\"https:\\\/\\\/schema.org\",\"@graph\":[{\"@type\":\"WebPage\",\"@id\":\"https:\\\/\\\/nossaconfeitaria.com\\\/?product=mollis-nunc-sed-id-semper-risus-in-hendrerit\",\"url\":\"https:\\\/\\\/nossaconfeitaria.com\\\/?product=mollis-nunc-sed-id-semper-risus-in-hendrerit\",\"name\":\"Pudim Tradicional - nossaconfeitaria.com Pudim de Natal Tradicional | Confeitaria Barra\",\"isPartOf\":{\"@id\":\"https:\\\/\\\/nossaconfeitaria.com\\\/#website\"},\"primaryImageOfPage\":{\"@id\":\"https:\\\/\\\/nossaconfeitaria.com\\\/?product=mollis-nunc-sed-id-semper-risus-in-hendrerit#primaryimage\"},\"image\":{\"@id\":\"https:\\\/\\\/nossaconfeitaria.com\\\/?product=mollis-nunc-sed-id-semper-risus-in-hendrerit#primaryimage\"},\"thumbnailUrl\":\"https:\\\/\\\/nossaconfeitaria.com\\\/wp-content\\\/uploads\\\/2020\\\/03\\\/cde22f87de022714c90ec943884f06bf.jpg\",\"datePublished\":\"2020-03-13T10:16:57+00:00\",\"dateModified\":\"2025-11-16T19:34:53+00:00\",\"description\":\"Pudim tradicional cremoso para sua ceia de Natal. Calda de caramelo irresist\u00edvel! Entrega no Rio de Janeiro. Encomende j\u00e1 - vagas limitadas! \ud83c\udf84\",\"breadcrumb\":{\"@id\":\"https:\\\/\\\/nossaconfeitaria.com\\\/?product=mollis-nunc-sed-id-semper-risus-in-hendrerit#breadcrumb\"},\"inLanguage\":\"pt-BR\",\"potentialAction\":[{\"@type\":\"ReadAction\",\"target\":[\"https:\\\/\\\/nossaconfeitaria.com\\\/?product=mollis-nunc-sed-id-semper-risus-in-hendrerit\"]}]},{\"@type\":\"ImageObject\",\"inLanguage\":\"pt-BR\",\"@id\":\"https:\\\/\\\/nossaconfeitaria.com\\\/?product=mollis-nunc-sed-id-semper-risus-in-hendrerit#primaryimage\",\"url\":\"https:\\\/\\\/nossaconfeitaria.com\\\/wp-content\\\/uploads\\\/2020\\\/03\\\/cde22f87de022714c90ec943884f06bf.jpg\",\"contentUrl\":\"https:\\\/\\\/nossaconfeitaria.com\\\/wp-content\\\/uploads\\\/2020\\\/03\\\/cde22f87de022714c90ec943884f06bf.jpg\",\"width\":1080,\"height\":1080},{\"@type\":\"BreadcrumbList\",\"@id\":\"https:\\\/\\\/nossaconfeitaria.com\\\/?product=mollis-nunc-sed-id-semper-risus-in-hendrerit#breadcrumb\",\"itemListElement\":[{\"@type\":\"ListItem\",\"position\":1,\"name\":\"Home\",\"item\":\"https:\\\/\\\/nossaconfeitaria.com\\\/\"},{\"@type\":\"ListItem\",\"position\":2,\"name\":\"Nossa Confeitaria\",\"item\":\"https:\\\/\\\/nossaconfeitaria.com\\\/?page_id=17\"},{\"@type\":\"ListItem\",\"position\":3,\"name\":\"Pudim Tradicional\"}]},{\"@type\":\"WebSite\",\"@id\":\"https:\\\/\\\/nossaconfeitaria.com\\\/#website\",\"url\":\"https:\\\/\\\/nossaconfeitaria.com\\\/\",\"name\":\"nossaconfeitaria.com\",\"description\":\"\",\"publisher\":{\"@id\":\"https:\\\/\\\/nossaconfeitaria.com\\\/#organization\"},\"potentialAction\":[{\"@type\":\"SearchAction\",\"target\":{\"@type\":\"EntryPoint\",\"urlTemplate\":\"https:\\\/\\\/nossaconfeitaria.com\\\/?s={search_term_string}\"},\"query-input\":{\"@type\":\"PropertyValueSpecification\",\"valueRequired\":true,\"valueName\":\"search_term_string\"}}],\"inLanguage\":\"pt-BR\"},{\"@type\":\"Organization\",\"@id\":\"https:\\\/\\\/nossaconfeitaria.com\\\/#organization\",\"name\":\"nossaconfeitaria.com\",\"url\":\"https:\\\/\\\/nossaconfeitaria.com\\\/\",\"logo\":{\"@type\":\"ImageObject\",\"inLanguage\":\"pt-BR\",\"@id\":\"https:\\\/\\\/nossaconfeitaria.com\\\/#\\\/schema\\\/logo\\\/image\\\/\",\"url\":\"https:\\\/\\\/nossaconfeitaria.com\\\/wp-content\\\/uploads\\\/2025\\\/11\\\/photo_4958672432411642652_x.jpg\",\"contentUrl\":\"https:\\\/\\\/nossaconfeitaria.com\\\/wp-content\\\/uploads\\\/2025\\\/11\\\/photo_4958672432411642652_x.jpg\",\"width\":500,\"height\":500,\"caption\":\"nossaconfeitaria.com\"},\"image\":{\"@id\":\"https:\\\/\\\/nossaconfeitaria.com\\\/#\\\/schema\\\/logo\\\/image\\\/\"}}]}<\/script>\n<!-- \/ Yoast SEO plugin. -->","yoast_head_json":{"title":"Pudim Tradicional - nossaconfeitaria.com Pudim de Natal Tradicional | Confeitaria Barra","description":"Pudim tradicional cremoso para sua ceia de Natal. Calda de caramelo irresist\u00edvel! Entrega no Rio de Janeiro. Encomende j\u00e1 - vagas limitadas! \ud83c\udf84","robots":{"index":"index","follow":"follow","max-snippet":"max-snippet:-1","max-image-preview":"max-image-preview:large","max-video-preview":"max-video-preview:-1"},"canonical":"https:\/\/nossaconfeitaria.com\/?product=mollis-nunc-sed-id-semper-risus-in-hendrerit","og_locale":"pt_BR","og_type":"article","og_title":"Pudim Tradicional - nossaconfeitaria.com Pudim de Natal Tradicional | Confeitaria Barra","og_description":"Pudim tradicional cremoso para sua ceia de Natal. Calda de caramelo irresist\u00edvel! Entrega no Rio de Janeiro. Encomende j\u00e1 - vagas limitadas! \ud83c\udf84","og_url":"https:\/\/nossaconfeitaria.com\/?product=mollis-nunc-sed-id-semper-risus-in-hendrerit","og_site_name":"nossaconfeitaria.com","article_modified_time":"2025-11-16T19:34:53+00:00","og_image":[{"width":1080,"height":1080,"url":"https:\/\/nossaconfeitaria.com\/wp-content\/uploads\/2020\/03\/cde22f87de022714c90ec943884f06bf.jpg","type":"image\/jpeg"}],"twitter_card":"summary_large_image","twitter_misc":{"Est. tempo de leitura":"1 minuto"},"schema":{"@context":"https:\/\/schema.org","@graph":[{"@type":"WebPage","@id":"https:\/\/nossaconfeitaria.com\/?product=mollis-nunc-sed-id-semper-risus-in-hendrerit","url":"https:\/\/nossaconfeitaria.com\/?product=mollis-nunc-sed-id-semper-risus-in-hendrerit","name":"Pudim Tradicional - nossaconfeitaria.com Pudim de Natal Tradicional | Confeitaria Barra","isPartOf":{"@id":"https:\/\/nossaconfeitaria.com\/#website"},"primaryImageOfPage":{"@id":"https:\/\/nossaconfeitaria.com\/?product=mollis-nunc-sed-id-semper-risus-in-hendrerit#primaryimage"},"image":{"@id":"https:\/\/nossaconfeitaria.com\/?product=mollis-nunc-sed-id-semper-risus-in-hendrerit#primaryimage"},"thumbnailUrl":"https:\/\/nossaconfeitaria.com\/wp-content\/uploads\/2020\/03\/cde22f87de022714c90ec943884f06bf.jpg","datePublished":"2020-03-13T10:16:57+00:00","dateModified":"2025-11-16T19:34:53+00:00","description":"Pudim tradicional cremoso para sua ceia de Natal. Calda de caramelo irresist\u00edvel! Entrega no Rio de Janeiro. Encomende j\u00e1 - vagas limitadas! \ud83c\udf84","breadcrumb":{"@id":"https:\/\/nossaconfeitaria.com\/?product=mollis-nunc-sed-id-semper-risus-in-hendrerit#breadcrumb"},"inLanguage":"pt-BR","potentialAction":[{"@type":"ReadAction","target":["https:\/\/nossaconfeitaria.com\/?product=mollis-nunc-sed-id-semper-risus-in-hendrerit"]}]},{"@type":"ImageObject","inLanguage":"pt-BR","@id":"https:\/\/nossaconfeitaria.com\/?product=mollis-nunc-sed-id-semper-risus-in-hendrerit#primaryimage","url":"https:\/\/nossaconfeitaria.com\/wp-content\/uploads\/2020\/03\/cde22f87de022714c90ec943884f06bf.jpg","contentUrl":"https:\/\/nossaconfeitaria.com\/wp-content\/uploads\/2020\/03\/cde22f87de022714c90ec943884f06bf.jpg","width":1080,"height":1080},{"@type":"BreadcrumbList","@id":"https:\/\/nossaconfeitaria.com\/?product=mollis-nunc-sed-id-semper-risus-in-hendrerit#breadcrumb","itemListElement":[{"@type":"ListItem","position":1,"name":"Home","item":"https:\/\/nossaconfeitaria.com\/"},{"@type":"ListItem","position":2,"name":"Nossa Confeitaria","item":"https:\/\/nossaconfeitaria.com\/?page_id=17"},{"@type":"ListItem","position":3,"name":"Pudim Tradicional"}]},{"@type":"WebSite","@id":"https:\/\/nossaconfeitaria.com\/#website","url":"https:\/\/nossaconfeitaria.com\/","name":"nossaconfeitaria.com","description":"","publisher":{"@id":"https:\/\/nossaconfeitaria.com\/#organization"},"potentialAction":[{"@type":"SearchAction","target":{"@type":"EntryPoint","urlTemplate":"https:\/\/nossaconfeitaria.com\/?s={search_term_string}"},"query-input":{"@type":"PropertyValueSpecification","valueRequired":true,"valueName":"search_term_string"}}],"inLanguage":"pt-BR"},{"@type":"Organization","@id":"https:\/\/nossaconfeitaria.com\/#organization","name":"nossaconfeitaria.com","url":"https:\/\/nossaconfeitaria.com\/","logo":{"@type":"ImageObject","inLanguage":"pt-BR","@id":"https:\/\/nossaconfeitaria.com\/#\/schema\/logo\/image\/","url":"https:\/\/nossaconfeitaria.com\/wp-content\/uploads\/2025\/11\/photo_4958672432411642652_x.jpg","contentUrl":"https:\/\/nossaconfeitaria.com\/wp-content\/uploads\/2025\/11\/photo_4958672432411642652_x.jpg","width":500,"height":500,"caption":"nossaconfeitaria.com"},"image":{"@id":"https:\/\/nossaconfeitaria.com\/#\/schema\/logo\/image\/"}}]}},"_links":{"self":[{"href":"https:\/\/nossaconfeitaria.com\/index.php?rest_route=\/wp\/v2\/product\/64","targetHints":{"allow":["GET"]}}],"collection":[{"href":"https:\/\/nossaconfeitaria.com\/index.php?rest_route=\/wp\/v2\/product"}],"about":[{"href":"https:\/\/nossaconfeitaria.com\/index.php?rest_route=\/wp\/v2\/types\/product"}],"replies":[{"embeddable":true,"href":"https:\/\/nossaconfeitaria.com\/index.php?rest_route=%2Fwp%2Fv2%2Fcomments&post=64"}],"wp:featuredmedia":[{"embeddable":true,"href":"https:\/\/nossaconfeitaria.com\/index.php?rest_route=\/wp\/v2\/media\/612"}],"wp:attachment":[{"href":"https:\/\/nossaconfeitaria.com\/index.php?rest_route=%2Fwp%2Fv2%2Fmedia&parent=64"}],"wp:term":[{"taxonomy":"product_brand","embeddable":true,"href":"https:\/\/nossaconfeitaria.com\/index.php?rest_route=%2Fwp%2Fv2%2Fproduct_brand&post=64"},{"taxonomy":"product_cat","embeddable":true,"href":"https:\/\/nossaconfeitaria.com\/index.php?rest_route=%2Fwp%2Fv2%2Fproduct_cat&post=64"},{"taxonomy":"product_tag","embeddable":true,"href":"https:\/\/nossaconfeitaria.com\/index.php?rest_route=%2Fwp%2Fv2%2Fproduct_tag&post=64"}],"curies":[{"name":"wp","href":"https:\/\/api.w.org\/{rel}","templated":true}]}}